{"id":16088,"date":"2017-01-23T11:09:42","date_gmt":"2017-01-23T11:09:42","guid":{"rendered":"http:\/\/catchy-nfc.com\/?page_id=16088"},"modified":"2023-08-10T13:45:06","modified_gmt":"2023-08-10T13:45:06","slug":"homepage-musician","status":"publish","type":"page","link":"http:\/\/catchy-nfc.com\/","title":{"rendered":"Catchy NFC Solutions Mallorca"},"content":{"rendered":"<p>[vc_row heading_color=\u00bblight\u00bb section_type=\u00bbfullwidth\u00bb section_full_height=\u00bbfullheight\u00bb bg_type=\u00bbcolor\u00bb columns_gap=\u00bb20&#8243; equal_column_height=\u00bbmiddle-content\u00bb font_color=\u00bb#ffffff\u00bb section_id=\u00bbhola\u00bb bg_color=\u00bb#ffffff\u00bb][vc_column vertical_content_position=\u00bbmiddle\u00bb width=\u00bb5\/12&#8243; mobile_text_align=\u00bbcenter\u00bb text_align=\u00bbcenter\u00bb css=\u00bb.vc_custom_1588871888008{padding-left: 56px !important;}\u00bb]<style type=\"text\/css\">.grve-title-gradient.grve-title-69f4b028680f9 > span,.grve-title-gradient.grve-title-69f4b028680f9 .grve-clipping-content > span {color: #0d08f4;background-image: -moz-linear-gradient(-45deg, #0d08f4 0%, #f93078 100%);background-image: -webkit-linear-gradient(-45deg, #0d08f4 0%, #f93078 100%);background-image: linear-gradient(135deg, #0d08f4 0%, #f93078 100%);}<\/style><h3 class=\"grve-element grve-title grve-align-left grve-animated-item grve-duration-normal grve-fade-in-up grve-subtitle-text grve-increase-heading grve-heading-140 grve-title-gradient grve-title-69f4b028680f9\" style=\"\" data-delay=\"200\"><span>TODO LO QUE NECESITAS ES<\/span><\/h3><h1 class=\"grve-element grve-title grve-align-left grve-animated-item grve-duration-normal grve-fade-in-up grve-h1 grve-increase-heading grve-heading-160\" style=\"\" data-delay=\"400\"><span><span style=\"color: #0d08f4;\">TECNOLOG\u00cdA CONTACTLESS<\/span><br>\n<div id=\"gtx-trans\" style=\"position: absolute; left: 86px; top: -10px;\">\n<div class=\"gtx-trans-icon\"><\/div>\n<\/div>\n<\/span><\/h1>[\/vc_column][vc_column width=\u00bb7\/12&#8243;]<div class=\"grve-element grve-image grve-align-right grve-full-image grve-image-space-100\" style=\"margin-bottom: 10px;\">  <div class=\"grve-image-wrapper\"><img width=\"1080\" height=\"1061\" src=\"http:\/\/catchy-nfc.com\/wp-content\/uploads\/2023\/08\/movil-template-2023.gif\" class=\"attachment-full size-full\" alt=\"\" decoding=\"async\" loading=\"lazy\" \/>   <\/div><\/div>[\/vc_column][\/vc_row][vc_row heading_color=\u00bblight\u00bb bg_type=\u00bbcolor\u00bb scroll_header_style=\u00bblight\u00bb font_color=\u00bb#ffffff\u00bb bg_color=\u00bb#0400f4&#8243; section_id=\u00bbabout\u00bb][vc_column vertical_content_position=\u00bbmiddle\u00bb]<div class=\"grve-empty-space grve-height-2x\" style=\"\"><\/div>[\/vc_column][vc_column width=\u00bb1\/6&#8243;][\/vc_column][vc_column vertical_content_position=\u00bbmiddle\u00bb width=\u00bb2\/3&#8243;]<h2 class=\"grve-element grve-title grve-align-left grve-animated-item grve-duration-normal grve-fade-in-left grve-h1 grve-increase-heading grve-heading-140\" style=\"\" data-delay=\"200\"><span>&#8211; CLICS<br>\n+ INFORMACI\u00d3N<br>\nMEJORES LEADS<\/span><\/h2><h3 class=\"grve-element grve-title grve-align-left grve-animated-item grve-duration-normal grve-fade-in-up grve-subtitle-text grve-increase-heading grve-heading-140\" style=\"\" data-delay=\"400\"><span>DIRECTAMENTE AL M\u00d3VIL<\/span><\/h3>[vc_column_text text_style=\u00bbleader-text\u00bb animation=\u00bbgrve-fade-in-up\u00bb animation_delay=\u00bb600&#8243;]<\/p>\n<div>En Catchy reunimos todos tus enlaces en uno s\u00f3lo con tecnolog\u00eda NFC (contact less) &#x1f525; de esta manera, s\u00f3lo tienes que acercar tu catchy a cualquier dispositivo m\u00f3vil y \u00abBoila!\u00bb &#x1f496; en un s\u00f3lo gesto hz compartido toda tu informaci\u00f3n! Adem\u00e1s, puedes aprovechar el link para publicarlo en tu perfil de instagram en la bio, todos tus enlaces en uno solo.<\/div>\n<div><\/div>\n<div>Est\u00e9ticamente es sencillo e innovador. Un peque\u00f1o toque tecnol\u00f3gico que se adaptar\u00e1 a tu estilo propio. &#x270c;&#xfe0f;&#x1f60e;<\/div>\n<p>[\/vc_column_text]<div class=\"grve-empty-space grve-height-3x\" style=\"\"><\/div>[\/vc_column][vc_column width=\u00bb1\/6&#8243;][\/vc_column][\/vc_row][vc_row heading_color=\u00bblight\u00bb section_full_height=\u00bbfullheight\u00bb bg_type=\u00bbcolor\u00bb font_color=\u00bbrgba(255,255,255,0.45)\u00bb section_id=\u00bbcomo\u00bb bg_color=\u00bb#ffffff\u00bb][vc_column block_content=\u00bbvideo-embeds\u00bb]<div class=\"grve-empty-space grve-height-2x\" style=\"\"><\/div><div class=\"grve-element grve-image grve-animated-item grve-duration-normal grve-fade-in grve-align-center\" style=\"\" data-delay=\"200\">  <div class=\"grve-image-wrapper\"><a href=\"mailto:hola@catchy-nfc.com\"><img width=\"2238\" height=\"2388\" src=\"http:\/\/catchy-nfc.com\/wp-content\/uploads\/2023\/08\/unnamed.png\" class=\"grve-extra-round attachment-full size-full\" alt=\"\" decoding=\"async\" loading=\"lazy\" srcset=\"http:\/\/catchy-nfc.com\/wp-content\/uploads\/2023\/08\/unnamed.png 2238w, http:\/\/catchy-nfc.com\/wp-content\/uploads\/2023\/08\/unnamed-281x300.png 281w, http:\/\/catchy-nfc.com\/wp-content\/uploads\/2023\/08\/unnamed-960x1024.png 960w, http:\/\/catchy-nfc.com\/wp-content\/uploads\/2023\/08\/unnamed-768x819.png 768w, http:\/\/catchy-nfc.com\/wp-content\/uploads\/2023\/08\/unnamed-1440x1536.png 1440w, http:\/\/catchy-nfc.com\/wp-content\/uploads\/2023\/08\/unnamed-1919x2048.png 1919w, http:\/\/catchy-nfc.com\/wp-content\/uploads\/2023\/08\/unnamed-1799x1920.png 1799w\" sizes=\"(max-width: 2238px) 100vw, 2238px\" \/><\/a>   <\/div><\/div><div class=\"grve-empty-space grve-height-1x\" style=\"\"><\/div>[\/vc_column][\/vc_row][vc_row heading_color=\u00bblight\u00bb rtl_reverse=\u00bbyes\u00bb section_full_height=\u00bbfullheight\u00bb bg_type=\u00bbcolor\u00bb scroll_header_style=\u00bblight\u00bb section_id=\u00bbventajas\u00bb bg_color=\u00bb#f9226e\u00bb][vc_column width=\u00bb1\/2&#8243;]<div class=\"grve-empty-space grve-height-2x\" style=\"\"><\/div><h3 class=\"grve-element grve-title grve-align-left grve-animated-item grve-duration-normal grve-fade-in-up grve-subtitle-text grve-increase-heading grve-heading-140\" style=\"\" data-delay=\"200\"><span>QUEREMOS AYUDARTE<\/span><\/h3><h2 class=\"grve-element grve-title grve-align-left grve-animated-item grve-duration-normal grve-fade-in-up grve-h1 grve-increase-heading grve-heading-140\" style=\"\" data-delay=\"400\"><span>ADAPTAMOS NUESTROS PLANES A MEDIDA<br>\n<div id=\"gtx-trans\" style=\"position: absolute; left: 176px; top: 38px;\">\n<div class=\"gtx-trans-icon\"><\/div>\n<\/div>\n<\/span><\/h2><div class=\"grve-empty-space grve-height-1x\" style=\"\"><\/div><div class=\"grve-element grve-image grve-align-left\" style=\"\">  <div class=\"grve-image-wrapper\"><img width=\"300\" height=\"300\" src=\"http:\/\/catchy-nfc.com\/wp-content\/uploads\/2020\/05\/NFC-catchy-mallorca-300x300.jpg\" class=\"grve-circle attachment-medium size-medium\" alt=\"\" decoding=\"async\" loading=\"lazy\" srcset=\"http:\/\/catchy-nfc.com\/wp-content\/uploads\/2020\/05\/NFC-catchy-mallorca-300x300.jpg 300w, http:\/\/catchy-nfc.com\/wp-content\/uploads\/2020\/05\/NFC-catchy-mallorca-150x150.jpg 150w, http:\/\/catchy-nfc.com\/wp-content\/uploads\/2020\/05\/NFC-catchy-mallorca-768x768.jpg 768w, http:\/\/catchy-nfc.com\/wp-content\/uploads\/2020\/05\/NFC-catchy-mallorca-560x560.jpg 560w, http:\/\/catchy-nfc.com\/wp-content\/uploads\/2020\/05\/NFC-catchy-mallorca-900x900.jpg 900w, http:\/\/catchy-nfc.com\/wp-content\/uploads\/2020\/05\/NFC-catchy-mallorca.jpg 960w\" sizes=\"(max-width: 300px) 100vw, 300px\" \/>   <\/div><\/div>[\/vc_column][vc_column width=\u00bb1\/2&#8243;]<div class=\"grve-empty-space grve-height-2x\" style=\"\"><\/div>\n<div class=\"wpcf7 no-js\" id=\"wpcf7-f6-o1\" lang=\"es-ES\" dir=\"ltr\">\n<div class=\"screen-reader-response\"><p role=\"status\" aria-live=\"polite\" aria-atomic=\"true\"><\/p> <ul><\/ul><\/div>\n<form action=\"\/index.php?rest_route=%2Fwp%2Fv2%2Fpages%2F16088#wpcf7-f6-o1\" method=\"post\" class=\"wpcf7-form init\" aria-label=\"Formulario de contacto\" novalidate=\"novalidate\" data-status=\"init\">\n<div style=\"display: none;\">\n<input type=\"hidden\" name=\"_wpcf7\" value=\"6\" \/>\n<input type=\"hidden\" name=\"_wpcf7_version\" value=\"5.8\" \/>\n<input type=\"hidden\" name=\"_wpcf7_locale\" value=\"es_ES\" \/>\n<input type=\"hidden\" name=\"_wpcf7_unit_tag\" value=\"wpcf7-f6-o1\" \/>\n<input type=\"hidden\" name=\"_wpcf7_container_post\" value=\"0\" \/>\n<input type=\"hidden\" name=\"_wpcf7_posted_data_hash\" value=\"\" \/>\n<\/div>\n<p><label> Tu Nombre (requerido)<br \/>\n<span class=\"wpcf7-form-control-wrap\" data-name=\"your-name\"><input size=\"40\" class=\"wpcf7-form-control wpcf7-text wpcf7-validates-as-required\" aria-required=\"true\" aria-invalid=\"false\" value=\"\" type=\"text\" name=\"your-name\" \/><\/span> <\/label>\n<\/p>\n<p><label> Tu Email (requerido)<br \/>\n<span class=\"wpcf7-form-control-wrap\" data-name=\"your-email\"><input size=\"40\" class=\"wpcf7-form-control wpcf7-email wpcf7-validates-as-required wpcf7-text wpcf7-validates-as-email\" aria-required=\"true\" aria-invalid=\"false\" value=\"\" type=\"email\" name=\"your-email\" \/><\/span> <\/label>\n<\/p>\n<p><label> Asunto<br \/>\n<span class=\"wpcf7-form-control-wrap\" data-name=\"your-subject\"><input size=\"40\" class=\"wpcf7-form-control wpcf7-text\" aria-invalid=\"false\" value=\"\" type=\"text\" name=\"your-subject\" \/><\/span> <\/label>\n<\/p>\n<p><label> Mensaje<br \/>\n<span class=\"wpcf7-form-control-wrap\" data-name=\"your-message\"><textarea cols=\"40\" rows=\"10\" class=\"wpcf7-form-control wpcf7-textarea\" aria-invalid=\"false\" name=\"your-message\"><\/textarea><\/span> <\/label>\n<\/p>\n<p><input class=\"wpcf7-form-control wpcf7-submit has-spinner\" type=\"submit\" value=\"Enviar\" \/>\n<\/p><div class=\"wpcf7-response-output\" aria-hidden=\"true\"><\/div>\n<\/form>\n<\/div>\n[\/vc_column][\/vc_row][vc_row heading_color=\u00bblight\u00bb section_full_height=\u00bbfullheight\u00bb bg_type=\u00bbcolor\u00bb font_color=\u00bbrgba(255,255,255,0.45)\u00bb section_id=\u00bbcomo\u00bb bg_color=\u00bb#ffffff\u00bb][vc_column block_content=\u00bbvideo-embeds\u00bb]<div class=\"grve-empty-space grve-height-2x\" style=\"\"><\/div><div class=\"grve-empty-space grve-height-1x\" style=\"\"><\/div><div class=\"grve-element grve-video\" style=\"\"><iframe title=\"Catchy | NFC Technology Solutions\" width=\"1080\" height=\"608\" src=\"https:\/\/www.youtube.com\/embed\/ot66lgHo6xw?feature=oembed\" frameborder=\"0\" allow=\"accelerometer; autoplay; encrypted-media; gyroscope; picture-in-picture\" allowfullscreen><\/iframe><\/div><div class=\"grve-empty-space grve-height-1x\" style=\"\"><\/div>[\/vc_column][\/vc_row][vc_row heading_color=\u00bblight\u00bb section_full_height=\u00bbfullheight\u00bb bg_type=\u00bbimage\u00bb bg_image=\u00bb16140&#8243; scroll_header_style=\u00bblight\u00bb font_color=\u00bbrgba(255,255,255,0.45)\u00bb section_id=\u00bbcontacto\u00bb][vc_column width=\u00bb2\/3&#8243; tablet_sm_width=\u00bbhide\u00bb mobile_width=\u00bbhide\u00bb][\/vc_column][vc_column vertical_content_position=\u00bbmiddle\u00bb width=\u00bb1\/3&#8243; tablet_sm_width=\u00bb1&#8243; text_align=\u00bbcenter\u00bb css=\u00bb.vc_custom_1588863390261{border-right-width: 35px !important;border-left-width: 35px !important;}\u00bb]<h3 class=\"grve-element grve-title grve-align-right grve-animated-item grve-duration-normal grve-fade-in-up grve-subtitle-text grve-increase-heading grve-heading-140\" style=\"\" data-delay=\"200\"><span>CONSULTAS O COMENTARIOS<\/span><\/h3><h1 class=\"grve-element grve-title grve-align-right grve-animated-item grve-duration-normal grve-fade-in-up grve-h1 grve-increase-heading grve-heading-200\" style=\"\" data-delay=\"400\"><span>\u00bfHABLAMOS?<br>\n<div id=\"gtx-trans\" style=\"position: absolute; left: 134px; top: -10px;\">\n<div class=\"gtx-trans-icon\"><\/div>\n<\/div>\n<\/span><\/h1>[\/vc_column][vc_column width=\u00bb2\/3&#8243;][\/vc_column][vc_column width=\u00bb1\/3&#8243;]<div class=\"grve-empty-space grve-height-1x\" style=\"\"><\/div><div class=\"grve-element grve-align-right\"><style type=\"text\/css\">.grve-btn-gradient.grve-btn-69f4b02869929:before {background: #0d08f4;background: -moz-linear-gradient(left, #0d08f4 0%, #f93078 100%);background: -webkit-linear-gradient(left, #0d08f4 0%, #f93078 100%);background: linear-gradient(to right, #0d08f4 0%, #f93078 100%);}<\/style><a href=\"mailto:hola@catchy-nfc.com\" class=\"grve-btn grve-btn-large grve-btn-gradient grve-btn-69f4b02869929 grve-square grve-bg-primary-6 grve-bg-hover-primary-6\"><span>ENVIAR E-MAIL<\/span><\/a><\/div>\t\t\t<div class=\"grve-element grve-social grve-align-right grve-animated-item grve-fade-in-up grve-duration-normal\" style=\"\" data-delay=\"600\">\r\n\t\t\t\t<ul>\r\n\t\t\t\t\t\t\t\t\t\t\t<li>\r\n\t\t\t\t\t\t\t\t<a href=\"https:\/\/www.instagram.com\/catchy.nfc\/\" class=\"grve-large grve-no-shape\" aria-label=\"Instagram\" target=\"_blank\" rel=\"noopener noreferrer\">\r\n\t\t\t\t\t\t\t\t\t<i class=\"grve-text-white fa fa-instagram\"><\/i>\r\n\t\t\t\t\t\t\t\t<\/a>\r\n\t\t\t\t\t\t\t<\/li>\r\n\t\t\t\t\t\t\t\t\t\t\t<li>\r\n\t\t\t\t\t\t\t\t<a href=\"https:\/\/wa.me\/34601116062?text=Hola!%20Busco%20m\u00e1s%20informaci\u00f3n%20sobre%20Catchy!\" class=\"grve-large grve-no-shape\" aria-label=\"WhatsApp\" target=\"_blank\" rel=\"noopener noreferrer\">\r\n\t\t\t\t\t\t\t\t\t<i class=\"grve-text-white fa fa-whatsapp\"><\/i>\r\n\t\t\t\t\t\t\t\t<\/a>\r\n\t\t\t\t\t\t\t<\/li>\r\n\t\t\t\t\t\t\t\t<\/ul>\r\n\t\t\t<\/div>\r\n\t\t[\/vc_column][\/vc_row]<\/p>\n","protected":false},"excerpt":{"rendered":"<p>[vc_row heading_color=\u00bblight\u00bb section_type=\u00bbfullwidth\u00bb section_full_height=\u00bbfullheight\u00bb bg_type=\u00bbcolor\u00bb columns_gap=\u00bb20&#8243; equal_column_height=\u00bbmiddle-content\u00bb font_color=\u00bb#ffffff\u00bb section_id=\u00bbhola\u00bb bg_color=\u00bb#ffffff\u00bb][vc_column vertical_content_position=\u00bbmiddle\u00bb width=\u00bb5\/12&#8243; mobile_text_align=\u00bbcenter\u00bb text_align=\u00bbcenter\u00bb css=\u00bb.vc_custom_1588871888008{padding-left: 56px !important;}\u00bb][\/vc_column][vc_column width=\u00bb7\/12&#8243;][\/vc_column][\/vc_row][vc_row heading_color=\u00bblight\u00bb bg_type=\u00bbcolor\u00bb scroll_header_style=\u00bblight\u00bb font_color=\u00bb#ffffff\u00bb bg_color=\u00bb#0400f4&#8243; section_id=\u00bbabout\u00bb][vc_column vertical_content_position=\u00bbmiddle\u00bb][\/vc_column][vc_column width=\u00bb1\/6&#8243;][\/vc_column][vc_column vertical_content_position=\u00bbmiddle\u00bb width=\u00bb2\/3&#8243;][vc_column_text text_style=\u00bbleader-text\u00bb animation=\u00bbgrve-fade-in-up\u00bb animation_delay=\u00bb600&#8243;] En Catchy reunimos todos tus enlaces en uno s\u00f3lo con tecnolog\u00eda NFC (contact less) &#x1f525; de esta manera, s\u00f3lo tienes que acercar tu catchy [&hellip;]<\/p>\n","protected":false},"author":1,"featured_media":0,"parent":0,"menu_order":0,"comment_status":"closed","ping_status":"closed","template":"page-templates\/template-full-page.php","meta":{"_mi_skip_tracking":false,"_monsterinsights_sitenote_active":false,"_monsterinsights_sitenote_note":"","_monsterinsights_sitenote_category":0,"footnotes":""},"_links":{"self":[{"href":"http:\/\/catchy-nfc.com\/index.php?rest_route=\/wp\/v2\/pages\/16088"}],"collection":[{"href":"http:\/\/catchy-nfc.com\/index.php?rest_route=\/wp\/v2\/pages"}],"about":[{"href":"http:\/\/catchy-nfc.com\/index.php?rest_route=\/wp\/v2\/types\/page"}],"author":[{"embeddable":true,"href":"http:\/\/catchy-nfc.com\/index.php?rest_route=\/wp\/v2\/users\/1"}],"replies":[{"embeddable":true,"href":"http:\/\/catchy-nfc.com\/index.php?rest_route=%2Fwp%2Fv2%2Fcomments&post=16088"}],"version-history":[{"count":92,"href":"http:\/\/catchy-nfc.com\/index.php?rest_route=\/wp\/v2\/pages\/16088\/revisions"}],"predecessor-version":[{"id":16233,"href":"http:\/\/catchy-nfc.com\/index.php?rest_route=\/wp\/v2\/pages\/16088\/revisions\/16233"}],"wp:attachment":[{"href":"http:\/\/catchy-nfc.com\/index.php?rest_route=%2Fwp%2Fv2%2Fmedia&parent=16088"}],"curies":[{"name":"wp","href":"https:\/\/api.w.org\/{rel}","templated":true}]}}